{"id":1046,"date":"2026-04-13T16:15:38","date_gmt":"2026-04-13T14:15:38","guid":{"rendered":"https:\/\/www.nb-associes.academy\/?page_id=1046"},"modified":"2026-05-08T12:26:01","modified_gmt":"2026-05-08T10:26:01","slug":"mentions-legales","status":"publish","type":"page","link":"https:\/\/www.nb-associes.academy\/en\/mentions-legales\/","title":{"rendered":"Legal Notice"},"content":{"rendered":"<h2 class=\"wp-block-heading\">\u00c9diteur du site<\/h2>\n\n\n\n<p>Le pr\u00e9sent site est \u00e9dit\u00e9 par <strong>NB &amp; ASSOCI\u00c9S<\/strong>,<br>Soci\u00e9t\u00e9 par actions simplifi\u00e9e (SAS) au capital de 2 000 \u20ac,<br>immatricul\u00e9e au RCS de Rouen sous le num\u00e9ro 880 423 660,<br>SIRET : 880 423 660 00013,<br>TVA intracommunautaire : FR83880423660.<\/p>\n\n\n\n<p>Si\u00e8ge social : 237 rue des ajoncs, 76240 Belbeuf, Normandie, France<br>T\u00e9l\u00e9phone : +33 (0)6 30 32 60 63<br>Email : nadiabazille@nb-associes.academy<\/p>\n\n\n\n<p>Directeur de la publication : <strong>Nadia Bazille<\/strong><\/p>\n\n\n\n<h2 class=\"wp-block-heading\">H\u00e9bergement<\/h2>\n\n\n\n<p>Le site est h\u00e9berg\u00e9 par :<br><strong>Trendy Corp<\/strong><br>Site : <a href=\"https:\/\/www.trendycorp.fr\/\" target=\"_blank\" rel=\"noreferrer noopener\">https:\/\/www.trendycorp.fr\/<\/a><\/p>\n\n\n\n<h2 class=\"wp-block-heading\">Activit\u00e9<\/h2>\n\n\n\n<p>NB &amp; Associ\u00e9s propose des prestations de conseil, coaching, formation et accompagnement en d\u00e9veloppement manag\u00e9rial, commercial et comportemental.<\/p>\n\n\n\n<h2 class=\"wp-block-heading\">Zone d\u2019intervention<\/h2>\n\n\n\n<p>France, UAE, GCC (interventions possibles au Maroc sur demande).<\/p>\n\n\n\n<h2 class=\"wp-block-heading\">Conditions d\u2019utilisation<\/h2>\n\n\n\n<p>L\u2019utilisation du site implique l\u2019acceptation pleine et enti\u00e8re des pr\u00e9sentes mentions l\u00e9gales.<\/p>\n\n\n\n<h2 class=\"wp-block-heading\">Propri\u00e9t\u00e9 intellectuelle<\/h2>\n\n\n\n<p>L\u2019ensemble des contenus pr\u00e9sents sur ce site (textes, images, graphismes, structure) est prot\u00e9g\u00e9 par le droit de la propri\u00e9t\u00e9 intellectuelle. Toute reproduction, diffusion ou utilisation, totale ou partielle, sans autorisation pr\u00e9alable est interdite.<\/p>\n\n\n\n<h2 class=\"wp-block-heading\">Responsabilit\u00e9<\/h2>\n\n\n\n<p>NB &amp; Associ\u00e9s s\u2019efforce de fournir des informations fiables et \u00e0 jour. Toutefois, l\u2019\u00e9diteur ne saurait \u00eatre tenu responsable des erreurs, omissions ou d\u2019une mauvaise utilisation des informations pr\u00e9sentes sur le site.<\/p>\n\n\n\n<h2 class=\"wp-block-heading\">Get in touch<\/h2>\n\n\n\n<p>Pour toute demande : nadiabazille@nb-associes.academy<\/p>","protected":false},"excerpt":{"rendered":"<p>\u00c9diteur du site Le pr\u00e9sent site est \u00e9dit\u00e9 par NB &amp; ASSOCI\u00c9S,Soci\u00e9t\u00e9 par actions simplifi\u00e9e (SAS) au capital de 2 000 \u20ac,immatricul\u00e9e au RCS de Rouen sous le num\u00e9ro 880&hellip;<\/p>","protected":false},"author":1,"featured_media":0,"parent":0,"menu_order":0,"comment_status":"closed","ping_status":"open","template":"","meta":{"_lmt_disableupdate":"","_lmt_disable":"","footnotes":""},"class_list":["post-1046","page","type-page","status-publish","hentry"],"_links":{"self":[{"href":"https:\/\/www.nb-associes.academy\/en\/wp-json\/wp\/v2\/pages\/1046","targetHints":{"allow":["GET"]}}],"collection":[{"href":"https:\/\/www.nb-associes.academy\/en\/wp-json\/wp\/v2\/pages"}],"about":[{"href":"https:\/\/www.nb-associes.academy\/en\/wp-json\/wp\/v2\/types\/page"}],"author":[{"embeddable":true,"href":"https:\/\/www.nb-associes.academy\/en\/wp-json\/wp\/v2\/users\/1"}],"replies":[{"embeddable":true,"href":"https:\/\/www.nb-associes.academy\/en\/wp-json\/wp\/v2\/comments?post=1046"}],"version-history":[{"count":1,"href":"https:\/\/www.nb-associes.academy\/en\/wp-json\/wp\/v2\/pages\/1046\/revisions"}],"predecessor-version":[{"id":1047,"href":"https:\/\/www.nb-associes.academy\/en\/wp-json\/wp\/v2\/pages\/1046\/revisions\/1047"}],"wp:attachment":[{"href":"https:\/\/www.nb-associes.academy\/en\/wp-json\/wp\/v2\/media?parent=1046"}],"curies":[{"name":"wp","href":"https:\/\/api.w.org\/{rel}","templated":true}]}}